{"id":6638,"date":"2026-01-22T13:20:27","date_gmt":"2026-01-22T13:20:27","guid":{"rendered":"https:\/\/astonisa.com\/?page_id=6638"},"modified":"2026-01-22T14:23:28","modified_gmt":"2026-01-22T14:23:28","slug":"keramik-esstische-2","status":"publish","type":"page","link":"https:\/\/astonisa.com\/de\/ceramic-dining-tables-2\/","title":{"rendered":"Keramische Esstische"},"content":{"rendered":"<div class=\"wpb-content-wrapper\"><div class=\"vc_row wpb_row vc_row-fluid\"><div class=\"wpb_column vc_column_container vc_col-sm-12\"><div class=\"vc_column-inner\"><div class=\"wpb_wrapper\"><div id=\"ultimate-heading-892369faff34f40cf\" class=\"uvc-heading ult-adjust-bottom-margin ultimate-heading-892369faff34f40cf uvc-9826  uvc-heading-default-font-sizes\" data-hspacer=\"no_spacer\"  data-halign=\"center\" style=\"text-align:center\"><div class=\"uvc-heading-spacer no_spacer\" style=\"top\"><\/div><div class=\"uvc-main-heading ult-responsive\"  data-ultimate-target='.uvc-heading.ultimate-heading-892369faff34f40cf h2'  data-responsive-json-new='{\"font-size\":\"\",\"line-height\":\"\"}' ><h2 style=\"--font-weight:theme;margin-bottom:2rem;\">Keramische Esstisch-Kollektionen<\/h2><\/div><div class=\"uvc-sub-heading ult-responsive\"  data-ultimate-target='.uvc-heading.ultimate-heading-892369faff34f40cf .uvc-sub-heading '  data-responsive-json-new='{\"font-size\":\"\",\"line-height\":\"\"}'  style=\"font-weight:normal;\"><\/p>\n<p class=\"text-gray-400 text-sm\" style=\"text-align: center;\">Ein umfassendes Angebot an keramischen Hochleistungsoberfl\u00e4chen in Kombination mit technischen Rahmen. Ma\u00dfgeschneidert f\u00fcr globale M\u00f6belimporteure und Innenausbauprojekte.<\/p>\n<p><\/div><\/div><div class=\"vc_row wpb_row vc_inner vc_row-fluid vc_custom_1769090565721\"><div class=\"wpb_column vc_column_container vc_col-sm-4\"><div class=\"vc_column-inner\"><div class=\"wpb_wrapper\">\n\t<div  class=\"wpb_single_image wpb_content_element vc_align_left\">\n\t\t\n\t\t<figure class=\"wpb_wrapper vc_figure\">\n\t\t\t<a href=\"https:\/\/astonisa.com\/de\/ausziehbarer-keramischer-sinterstein-esstisch-porzellan-hersteller\/\" target=\"_self\"  class=\"vc_single_image-wrapper   vc_box_border_grey rollover\"   ><img decoding=\"async\" width=\"800\" height=\"600\" src=\"https:\/\/astonisa.com\/wp-content\/uploads\/2024\/09\/DT8987-4.webp\" class=\"vc_single_image-img attachment-full\" alt=\"DT8987 Ausziehtisch mit Keramikplatte\" title=\"DT8987 Ausziehtisch mit Keramikplatte\" srcset=\"https:\/\/astonisa.com\/wp-content\/uploads\/2024\/09\/DT8987-4.webp 800w, https:\/\/astonisa.com\/wp-content\/uploads\/2024\/09\/DT8987-4-300x225.webp 300w, https:\/\/astonisa.com\/wp-content\/uploads\/2024\/09\/DT8987-4-768x576.webp 768w, https:\/\/astonisa.com\/wp-content\/uploads\/2024\/09\/DT8987-4-16x12.webp 16w\" sizes=\"(max-width: 800px) 100vw, 800px\"  data-dt-location=\"https:\/\/astonisa.com\/de\/product\/transformable-table-from-round-to-oval-with-ceramic-tops-dt8987\/dt8987-4\/\" \/><\/a>\n\t\t<\/figure>\n\t<\/div>\n\n\t<div class=\"wpb_text_column wpb_content_element\" >\n\t\t<div class=\"wpb_wrapper\">\n\t\t\t<h3><a href=\"https:\/\/astonisa.com\/de\/ausziehbarer-keramischer-sinterstein-esstisch-porzellan-hersteller\/\">Ausziehbare Esstisch-Kollektionen aus Keramik<\/a><\/h3>\n\n\t\t<\/div>\n\t<\/div>\n<\/div><\/div><\/div><div class=\"wpb_column vc_column_container vc_col-sm-4\"><div class=\"vc_column-inner\"><div class=\"wpb_wrapper\">\n\t<div  class=\"wpb_single_image wpb_content_element vc_align_left\">\n\t\t\n\t\t<figure class=\"wpb_wrapper vc_figure\">\n\t\t\t<a href=\"https:\/\/astonisa.com\/de\/keramik-tische-mit-metallgestell\/\" target=\"_self\"  class=\"vc_single_image-wrapper   vc_box_border_grey rollover\"   ><img decoding=\"async\" width=\"800\" height=\"600\" src=\"https:\/\/astonisa.com\/wp-content\/uploads\/2026\/01\/DT9071-5.webp\" class=\"vc_single_image-img attachment-full\" alt=\"Keramiktisch mit Metallrahmen\" title=\"Keramiktisch mit Metallrahmen\" srcset=\"https:\/\/astonisa.com\/wp-content\/uploads\/2026\/01\/DT9071-5.webp 800w, https:\/\/astonisa.com\/wp-content\/uploads\/2026\/01\/DT9071-5-300x225.webp 300w, https:\/\/astonisa.com\/wp-content\/uploads\/2026\/01\/DT9071-5-768x576.webp 768w, https:\/\/astonisa.com\/wp-content\/uploads\/2026\/01\/DT9071-5-16x12.webp 16w\" sizes=\"(max-width: 800px) 100vw, 800px\"  data-dt-location=\"https:\/\/astonisa.com\/de\/ceramic-dining-tables-2\/dt9071-5\/\" \/><\/a>\n\t\t<\/figure>\n\t<\/div>\n\n\t<div class=\"wpb_text_column wpb_content_element\" >\n\t\t<div class=\"wpb_wrapper\">\n\t\t\t<h3><a href=\"\/de\/keramik-tische-mit-metallgestell\/\">Metallgestell Keramischer Esstisch Kollektion<\/a><\/h3>\n\n\t\t<\/div>\n\t<\/div>\n<\/div><\/div><\/div><div class=\"wpb_column vc_column_container vc_col-sm-4\"><div class=\"vc_column-inner\"><div class=\"wpb_wrapper\">\n\t<div  class=\"wpb_single_image wpb_content_element vc_align_left\">\n\t\t\n\t\t<figure class=\"wpb_wrapper vc_figure\">\n\t\t\t<div class=\"vc_single_image-wrapper   vc_box_border_grey\"><img decoding=\"async\" width=\"800\" height=\"600\" src=\"https:\/\/astonisa.com\/wp-content\/uploads\/2026\/01\/ceramic-table-with-wooden-frames.webp\" class=\"vc_single_image-img attachment-full\" alt=\"Keramiktisch mit Holzrahmen\" title=\"Keramiktisch mit Holzrahmen\" srcset=\"https:\/\/astonisa.com\/wp-content\/uploads\/2026\/01\/ceramic-table-with-wooden-frames.webp 800w, https:\/\/astonisa.com\/wp-content\/uploads\/2026\/01\/ceramic-table-with-wooden-frames-300x225.webp 300w, https:\/\/astonisa.com\/wp-content\/uploads\/2026\/01\/ceramic-table-with-wooden-frames-768x576.webp 768w, https:\/\/astonisa.com\/wp-content\/uploads\/2026\/01\/ceramic-table-with-wooden-frames-16x12.webp 16w\" sizes=\"(max-width: 800px) 100vw, 800px\"  data-dt-location=\"https:\/\/astonisa.com\/de\/ceramic-dining-tables-2\/ceramic-table-with-wooden-frames\/\" \/><\/div>\n\t\t<\/figure>\n\t<\/div>\n\n\t<div class=\"wpb_text_column wpb_content_element\" >\n\t\t<div class=\"wpb_wrapper\">\n\t\t\t<h3>Esstisch mit Holzrahmen aus Keramik Kollektion<\/h3>\n\n\t\t<\/div>\n\t<\/div>\n<\/div><\/div><\/div><\/div><\/div><\/div><\/div><\/div><div class=\"vc_row wpb_row vc_row-fluid vc_custom_1769090435155\"><div class=\"wpb_column vc_column_container vc_col-sm-6\"><div class=\"vc_column-inner\"><div class=\"wpb_wrapper\">\n\t<div class=\"wpb_text_column wpb_content_element\" >\n\t\t<div class=\"wpb_wrapper\">\n\t\t\t<h2 class=\"document-heading &#091;&amp;:not(:first-child)&#093;:pt-4 pb-2\" data-wt-guid=\"8b6b613e-e4b0-4b7c-9604-77c5a5dfaa5a\" data-pm-slice=\"1 1 &#091;&#093;\"><strong>Herstellung <\/strong>Exzellenz<\/h2>\n<p class=\"pb-2 min-w-&#091;1px&#093;\" data-wt-guid=\"6e8f20be-a98a-49d9-bca9-207b66d18eb4\">Als engagierter <strong>Keramik Esstisch Hersteller<\/strong>, Wir haben uns auf hochwertige M\u00f6bell\u00f6sungen spezialisiert, die \u00c4sthetik und t\u00e4gliche Funktionalit\u00e4t in Einklang bringen. Unsere Produktionslinie verbindet fortschrittliche Sintersteintechnologie mit traditionellem M\u00f6belhandwerk.<\/p>\n<p class=\"pb-2 min-w-&#091;1px&#093;\" data-wt-guid=\"dca79797-9a23-48c9-94bd-0813e9bba05a\">Egal, ob Sie nach einem <strong>Ausziehbarer Esstisch aus Keramik<\/strong> f\u00fcr den Einzelhandel oder eine individuelle <strong>fester Keramiktisch mit Holzbeinen<\/strong> f\u00fcr ein Gastgewerbeprojekt bietet Astonisa gleichbleibende Qualit\u00e4t und wettbewerbsf\u00e4hige Gro\u00dfhandelspreise.<\/p>\n\n\t\t<\/div>\n\t<\/div>\n<\/div><\/div><\/div><div class=\"wpb_column vc_column_container vc_col-sm-6\"><div class=\"vc_column-inner\"><div class=\"wpb_wrapper\">\n\t<div class=\"wpb_text_column wpb_content_element\" >\n\t\t<div class=\"wpb_wrapper\">\n\t\t\t<div class=\"astonisa-stats-container\" style=\"padding-left: 20px; border-left: 1px solid #eee; margin-top: 20px; margin-bottom: 20px;\">\n<p><!-- \u7b2c\u4e00\u7ec4\u6570\u636e: \u5168\u7403\u5206\u9500\u5546\u6570\u91cf --><\/p>\n<div class=\"stat-item\" style=\"margin-bottom: 45px;\">\n<div style=\"font-size: clamp(40px, 5vw, 64px); line-height: 1; font-weight: 900; color: #000; letter-spacing: -2px; margin-bottom: 12px; font-family: 'Helvetica Neue', Arial, sans-serif; display: block;\">100+<\/div>\n<div style=\"font-size: 16px; font-weight: bold; color: #a67c52; text-transform: uppercase; letter-spacing: 0.15em; font-family: 'Helvetica Neue', Arial, sans-serif; display: block;\">Globale Vertriebspartner<\/div>\n<\/div>\n<p><!-- \u7b2c\u4e8c\u7ec4\u6570\u636e: \u5b9a\u5236\u5316\u80fd\u529b --><\/p>\n<div class=\"stat-item\">\n<div style=\"font-size: clamp(40px, 5vw, 64px); line-height: 1; font-weight: 900; color: #000; letter-spacing: -2px; margin-bottom: 12px; font-family: 'Helvetica Neue', Arial, sans-serif; display: block;\">OEM\/ODM<\/div>\n<div style=\"font-size: 16px; font-weight: bold; color: #a67c52; text-transform: uppercase; letter-spacing: 0.15em; font-family: 'Helvetica Neue', Arial, sans-serif; display: block;\">Anpassbare Designs<\/div>\n<\/div>\n<\/div>\n\n\t\t<\/div>\n\t<\/div>\n<\/div><\/div><\/div><\/div>\n<\/div>","protected":false},"excerpt":{"rendered":"<p>Keramische Esstisch-Kollektionen Ein umfassendes Angebot an Hochleistungs-Keramikoberfl\u00e4chen in Kombination mit technischen Gestellen. Ma\u00dfgeschneidert f\u00fcr globale M\u00f6belimporteure und Einrichtungsprojekte. Ausziehbare keramische Esstisch-Kollektionen Metallgestell keramische Esstisch-Kollektion Holzgestell keramische Esstisch-Kollektion Hervorragende Herstellung Als engagierter Hersteller von keramischen Esstischen sind wir auf hochwertige M\u00f6bell\u00f6sungen spezialisiert...<\/p>","protected":false},"author":1,"featured_media":0,"parent":0,"menu_order":0,"comment_status":"closed","ping_status":"closed","template":"","meta":{"footnotes":""},"class_list":["post-6638","page","type-page","status-publish","hentry","description-off"],"yoast_head":"<!-- This site is optimized with the Yoast SEO plugin v27.5 - https:\/\/yoast.com\/product\/yoast-seo-wordpress\/ -->\n<title>Ceramic Dining Table Manufacturer: Extendable &amp; Wooden Base<\/title>\n<meta name=\"description\" content=\"As a major ceramic dining table manufacturer, Astonisa offers premium collections including extendable designs, solid wood frames, and modern metal bases.\" \/>\n<meta name=\"robots\" content=\"index, follow, max-snippet:-1, max-image-preview:large, max-video-preview:-1\" \/>\n<link rel=\"canonical\" href=\"https:\/\/astonisa.com\/de\/keramik-esstische-2\/\" \/>\n<meta property=\"og:locale\" content=\"de_DE\" \/>\n<meta property=\"og:type\" content=\"article\" \/>\n<meta property=\"og:title\" content=\"Ceramic Dining Table Manufacturer: Extendable &amp; Wooden Base\" \/>\n<meta property=\"og:description\" content=\"As a major ceramic dining table manufacturer, Astonisa offers premium collections including extendable designs, solid wood frames, and modern metal bases.\" \/>\n<meta property=\"og:url\" content=\"https:\/\/astonisa.com\/de\/keramik-esstische-2\/\" \/>\n<meta property=\"og:site_name\" content=\"Extendable ceramic &amp; glass dining table, dining chair China manufacturer\" \/>\n<meta property=\"article:publisher\" content=\"https:\/\/www.facebook.com\/Astonisafurniture\" \/>\n<meta property=\"article:modified_time\" content=\"2026-01-22T14:23:28+00:00\" \/>\n<meta name=\"twitter:card\" content=\"summary_large_image\" \/>\n<meta name=\"twitter:label1\" content=\"Gesch\u00e4tzte Lesezeit\" \/>\n\t<meta name=\"twitter:data1\" content=\"2\u00a0Minuten\" \/>\n<script type=\"application\/ld+json\" class=\"yoast-schema-graph\">{\"@context\":\"https:\\\/\\\/schema.org\",\"@graph\":[{\"@type\":\"WebPage\",\"@id\":\"https:\\\/\\\/astonisa.com\\\/ceramic-dining-tables-2\\\/\",\"url\":\"https:\\\/\\\/astonisa.com\\\/ceramic-dining-tables-2\\\/\",\"name\":\"Ceramic Dining Table Manufacturer: Extendable & Wooden Base\",\"isPartOf\":{\"@id\":\"https:\\\/\\\/astonisa.com\\\/pl\\\/#website\"},\"datePublished\":\"2026-01-22T13:20:27+00:00\",\"dateModified\":\"2026-01-22T14:23:28+00:00\",\"description\":\"As a major ceramic dining table manufacturer, Astonisa offers premium collections including extendable designs, solid wood frames, and modern metal bases.\",\"breadcrumb\":{\"@id\":\"https:\\\/\\\/astonisa.com\\\/ceramic-dining-tables-2\\\/#breadcrumb\"},\"inLanguage\":\"de\",\"potentialAction\":[{\"@type\":\"ReadAction\",\"target\":[\"https:\\\/\\\/astonisa.com\\\/ceramic-dining-tables-2\\\/\"]}]},{\"@type\":\"BreadcrumbList\",\"@id\":\"https:\\\/\\\/astonisa.com\\\/ceramic-dining-tables-2\\\/#breadcrumb\",\"itemListElement\":[{\"@type\":\"ListItem\",\"position\":1,\"name\":\"Home\",\"item\":\"https:\\\/\\\/astonisa.com\\\/\"},{\"@type\":\"ListItem\",\"position\":2,\"name\":\"Ceramic Dining Tables\"}]},{\"@type\":\"WebSite\",\"@id\":\"https:\\\/\\\/astonisa.com\\\/pl\\\/#website\",\"url\":\"https:\\\/\\\/astonisa.com\\\/pl\\\/\",\"name\":\"Extendable ceramic &amp; glass dining table, dining chair China manufacturer\",\"description\":\"extendable dining table, dining chair\",\"potentialAction\":[{\"@type\":\"SearchAction\",\"target\":{\"@type\":\"EntryPoint\",\"urlTemplate\":\"https:\\\/\\\/astonisa.com\\\/pl\\\/?s={search_term_string}\"},\"query-input\":{\"@type\":\"PropertyValueSpecification\",\"valueRequired\":true,\"valueName\":\"search_term_string\"}}],\"inLanguage\":\"de\"}]}<\/script>\n<!-- \/ Yoast SEO plugin. -->","yoast_head_json":{"title":"Keramischer Esstisch Hersteller: Ausziehbar &amp; Holzsockel","description":"Als f\u00fchrender Hersteller von Esstischen aus Keramik bietet Astonisa hochwertige Kollektionen mit ausziehbaren Modellen, Massivholzrahmen und modernen Metallgestellen.","robots":{"index":"index","follow":"follow","max-snippet":"max-snippet:-1","max-image-preview":"max-image-preview:large","max-video-preview":"max-video-preview:-1"},"canonical":"https:\/\/astonisa.com\/de\/keramik-esstische-2\/","og_locale":"de_DE","og_type":"article","og_title":"Ceramic Dining Table Manufacturer: Extendable & Wooden Base","og_description":"As a major ceramic dining table manufacturer, Astonisa offers premium collections including extendable designs, solid wood frames, and modern metal bases.","og_url":"https:\/\/astonisa.com\/de\/keramik-esstische-2\/","og_site_name":"Extendable ceramic &amp; glass dining table, dining chair China manufacturer","article_publisher":"https:\/\/www.facebook.com\/Astonisafurniture","article_modified_time":"2026-01-22T14:23:28+00:00","twitter_card":"summary_large_image","twitter_misc":{"Gesch\u00e4tzte Lesezeit":"2\u00a0Minuten"},"schema":{"@context":"https:\/\/schema.org","@graph":[{"@type":"WebPage","@id":"https:\/\/astonisa.com\/ceramic-dining-tables-2\/","url":"https:\/\/astonisa.com\/ceramic-dining-tables-2\/","name":"Keramischer Esstisch Hersteller: Ausziehbar &amp; Holzsockel","isPartOf":{"@id":"https:\/\/astonisa.com\/pl\/#website"},"datePublished":"2026-01-22T13:20:27+00:00","dateModified":"2026-01-22T14:23:28+00:00","description":"Als f\u00fchrender Hersteller von Esstischen aus Keramik bietet Astonisa hochwertige Kollektionen mit ausziehbaren Modellen, Massivholzrahmen und modernen Metallgestellen.","breadcrumb":{"@id":"https:\/\/astonisa.com\/ceramic-dining-tables-2\/#breadcrumb"},"inLanguage":"de","potentialAction":[{"@type":"ReadAction","target":["https:\/\/astonisa.com\/ceramic-dining-tables-2\/"]}]},{"@type":"BreadcrumbList","@id":"https:\/\/astonisa.com\/ceramic-dining-tables-2\/#breadcrumb","itemListElement":[{"@type":"ListItem","position":1,"name":"Home","item":"https:\/\/astonisa.com\/"},{"@type":"ListItem","position":2,"name":"Ceramic Dining Tables"}]},{"@type":"WebSite","@id":"https:\/\/astonisa.com\/pl\/#website","url":"https:\/\/astonisa.com\/pl\/","name":"Ausziehbarer Esstisch aus Keramik und Glas, Esszimmerstuhl China Hersteller","description":"Ausziehbarer Esstisch, Esszimmerstuhl","potentialAction":[{"@type":"SearchAction","target":{"@type":"EntryPoint","urlTemplate":"https:\/\/astonisa.com\/pl\/?s={search_term_string}"},"query-input":{"@type":"PropertyValueSpecification","valueRequired":true,"valueName":"search_term_string"}}],"inLanguage":"de"}]}},"_links":{"self":[{"href":"https:\/\/astonisa.com\/de\/wp-json\/wp\/v2\/pages\/6638","targetHints":{"allow":["GET"]}}],"collection":[{"href":"https:\/\/astonisa.com\/de\/wp-json\/wp\/v2\/pages"}],"about":[{"href":"https:\/\/astonisa.com\/de\/wp-json\/wp\/v2\/types\/page"}],"author":[{"embeddable":true,"href":"https:\/\/astonisa.com\/de\/wp-json\/wp\/v2\/users\/1"}],"replies":[{"embeddable":true,"href":"https:\/\/astonisa.com\/de\/wp-json\/wp\/v2\/comments?post=6638"}],"version-history":[{"count":19,"href":"https:\/\/astonisa.com\/de\/wp-json\/wp\/v2\/pages\/6638\/revisions"}],"predecessor-version":[{"id":6665,"href":"https:\/\/astonisa.com\/de\/wp-json\/wp\/v2\/pages\/6638\/revisions\/6665"}],"wp:attachment":[{"href":"https:\/\/astonisa.com\/de\/wp-json\/wp\/v2\/media?parent=6638"}],"curies":[{"name":"wp","href":"https:\/\/api.w.org\/{rel}","templated":true}]}}