{"id":6638,"date":"2026-01-22T13:20:27","date_gmt":"2026-01-22T13:20:27","guid":{"rendered":"https:\/\/astonisa.com\/?page_id=6638"},"modified":"2026-01-22T14:23:28","modified_gmt":"2026-01-22T14:23:28","slug":"tables-a-manger-en-ceramique-2","status":"publish","type":"page","link":"https:\/\/astonisa.com\/fr\/ceramic-dining-tables-2\/","title":{"rendered":"Tables \u00e0 manger en c\u00e9ramique"},"content":{"rendered":"<div class=\"wpb-content-wrapper\"><div class=\"vc_row wpb_row vc_row-fluid\"><div class=\"wpb_column vc_column_container vc_col-sm-12\"><div class=\"vc_column-inner\"><div class=\"wpb_wrapper\"><div id=\"ultimate-heading-229169fb0128bfcb9\" class=\"uvc-heading ult-adjust-bottom-margin ultimate-heading-229169fb0128bfcb9 uvc-3252  uvc-heading-default-font-sizes\" data-hspacer=\"no_spacer\"  data-halign=\"center\" style=\"text-align:center\"><div class=\"uvc-heading-spacer no_spacer\" style=\"top\"><\/div><div class=\"uvc-main-heading ult-responsive\"  data-ultimate-target='.uvc-heading.ultimate-heading-229169fb0128bfcb9 h2'  data-responsive-json-new='{\"font-size\":\"\",\"line-height\":\"\"}' ><h2 style=\"--font-weight:theme;margin-bottom:2rem;\">Collections de tables \u00e0 manger en c\u00e9ramique<\/h2><\/div><div class=\"uvc-sub-heading ult-responsive\"  data-ultimate-target='.uvc-heading.ultimate-heading-229169fb0128bfcb9 .uvc-sub-heading '  data-responsive-json-new='{\"font-size\":\"\",\"line-height\":\"\"}'  style=\"font-weight:normal;\"><\/p>\n<p class=\"text-gray-400 text-sm\" style=\"text-align: center;\">Une gamme compl\u00e8te de surfaces c\u00e9ramiques de haute performance combin\u00e9es \u00e0 des cadres techniques. Con\u00e7ue pour les importateurs mondiaux de meubles et les projets d'int\u00e9rieur.<\/p>\n<p><\/div><\/div><div class=\"vc_row wpb_row vc_inner vc_row-fluid vc_custom_1769090565721\"><div class=\"wpb_column vc_column_container vc_col-sm-4\"><div class=\"vc_column-inner\"><div class=\"wpb_wrapper\">\n\t<div  class=\"wpb_single_image wpb_content_element vc_align_left\">\n\t\t\n\t\t<figure class=\"wpb_wrapper vc_figure\">\n\t\t\t<a href=\"https:\/\/astonisa.com\/fr\/table-de-salle-a-manger-extensible-en-pierre-frittee-ceramique-fabricant-chinois\/\" target=\"_self\"  class=\"vc_single_image-wrapper   vc_box_border_grey rollover\"   ><img decoding=\"async\" width=\"800\" height=\"600\" src=\"https:\/\/astonisa.com\/wp-content\/uploads\/2024\/09\/DT8987-4.webp\" class=\"vc_single_image-img attachment-full\" alt=\"DT8987 table \u00e0 rallonge avec plateau en c\u00e9ramique\" title=\"DT8987 table \u00e0 rallonge avec plateau en c\u00e9ramique\" srcset=\"https:\/\/astonisa.com\/wp-content\/uploads\/2024\/09\/DT8987-4.webp 800w, https:\/\/astonisa.com\/wp-content\/uploads\/2024\/09\/DT8987-4-300x225.webp 300w, https:\/\/astonisa.com\/wp-content\/uploads\/2024\/09\/DT8987-4-768x576.webp 768w, https:\/\/astonisa.com\/wp-content\/uploads\/2024\/09\/DT8987-4-16x12.webp 16w\" sizes=\"(max-width: 800px) 100vw, 800px\"  data-dt-location=\"https:\/\/astonisa.com\/fr\/product\/transformable-table-from-round-to-oval-with-ceramic-tops-dt8987\/dt8987-4\/\" \/><\/a>\n\t\t<\/figure>\n\t<\/div>\n\n\t<div class=\"wpb_text_column wpb_content_element\" >\n\t\t<div class=\"wpb_wrapper\">\n\t\t\t<h3><a href=\"https:\/\/astonisa.com\/fr\/table-de-salle-a-manger-extensible-en-pierre-frittee-ceramique-fabricant-chinois\/\">Collections de tables \u00e0 manger extensibles en c\u00e9ramique<\/a><\/h3>\n\n\t\t<\/div>\n\t<\/div>\n<\/div><\/div><\/div><div class=\"wpb_column vc_column_container vc_col-sm-4\"><div class=\"vc_column-inner\"><div class=\"wpb_wrapper\">\n\t<div  class=\"wpb_single_image wpb_content_element vc_align_left\">\n\t\t\n\t\t<figure class=\"wpb_wrapper vc_figure\">\n\t\t\t<a href=\"https:\/\/astonisa.com\/fr\/tables-en-ceramique-a-structure-metallique\/\" target=\"_self\"  class=\"vc_single_image-wrapper   vc_box_border_grey rollover\"   ><img decoding=\"async\" width=\"800\" height=\"600\" src=\"https:\/\/astonisa.com\/wp-content\/uploads\/2026\/01\/DT9071-5.webp\" class=\"vc_single_image-img attachment-full\" alt=\"table en c\u00e9ramique avec cadre en m\u00e9tal\" title=\"table en c\u00e9ramique avec cadre en m\u00e9tal\" srcset=\"https:\/\/astonisa.com\/wp-content\/uploads\/2026\/01\/DT9071-5.webp 800w, https:\/\/astonisa.com\/wp-content\/uploads\/2026\/01\/DT9071-5-300x225.webp 300w, https:\/\/astonisa.com\/wp-content\/uploads\/2026\/01\/DT9071-5-768x576.webp 768w, https:\/\/astonisa.com\/wp-content\/uploads\/2026\/01\/DT9071-5-16x12.webp 16w\" sizes=\"(max-width: 800px) 100vw, 800px\"  data-dt-location=\"https:\/\/astonisa.com\/fr\/ceramic-dining-tables-2\/dt9071-5\/\" \/><\/a>\n\t\t<\/figure>\n\t<\/div>\n\n\t<div class=\"wpb_text_column wpb_content_element\" >\n\t\t<div class=\"wpb_wrapper\">\n\t\t\t<h3><a href=\"\/fr\/tables-en-ceramique-a-structure-metallique\/\">Collection de tables de salle \u00e0 manger en c\u00e9ramique \u00e0 cadre m\u00e9tallique<\/a><\/h3>\n\n\t\t<\/div>\n\t<\/div>\n<\/div><\/div><\/div><div class=\"wpb_column vc_column_container vc_col-sm-4\"><div class=\"vc_column-inner\"><div class=\"wpb_wrapper\">\n\t<div  class=\"wpb_single_image wpb_content_element vc_align_left\">\n\t\t\n\t\t<figure class=\"wpb_wrapper vc_figure\">\n\t\t\t<div class=\"vc_single_image-wrapper   vc_box_border_grey\"><img decoding=\"async\" width=\"800\" height=\"600\" src=\"https:\/\/astonisa.com\/wp-content\/uploads\/2026\/01\/ceramic-table-with-wooden-frames.webp\" class=\"vc_single_image-img attachment-full\" alt=\"table en c\u00e9ramique avec cadres en bois\" title=\"table en c\u00e9ramique avec cadres en bois\" srcset=\"https:\/\/astonisa.com\/wp-content\/uploads\/2026\/01\/ceramic-table-with-wooden-frames.webp 800w, https:\/\/astonisa.com\/wp-content\/uploads\/2026\/01\/ceramic-table-with-wooden-frames-300x225.webp 300w, https:\/\/astonisa.com\/wp-content\/uploads\/2026\/01\/ceramic-table-with-wooden-frames-768x576.webp 768w, https:\/\/astonisa.com\/wp-content\/uploads\/2026\/01\/ceramic-table-with-wooden-frames-16x12.webp 16w\" sizes=\"(max-width: 800px) 100vw, 800px\"  data-dt-location=\"https:\/\/astonisa.com\/fr\/ceramic-dining-tables-2\/ceramic-table-with-wooden-frames\/\" \/><\/div>\n\t\t<\/figure>\n\t<\/div>\n\n\t<div class=\"wpb_text_column wpb_content_element\" >\n\t\t<div class=\"wpb_wrapper\">\n\t\t\t<h3>Collection de tables de salle \u00e0 manger en c\u00e9ramique \u00e0 cadre en bois<\/h3>\n\n\t\t<\/div>\n\t<\/div>\n<\/div><\/div><\/div><\/div><\/div><\/div><\/div><\/div><div class=\"vc_row wpb_row vc_row-fluid vc_custom_1769090435155\"><div class=\"wpb_column vc_column_container vc_col-sm-6\"><div class=\"vc_column-inner\"><div class=\"wpb_wrapper\">\n\t<div class=\"wpb_text_column wpb_content_element\" >\n\t\t<div class=\"wpb_wrapper\">\n\t\t\t<h2 class=\"document-heading &#091;&amp;:not(:first-child)&#093;:pt-4 pb-2\" data-wt-guid=\"8b6b613e-e4b0-4b7c-9604-77c5a5dfaa5a\" data-pm-slice=\"1 1 &#091;&#093;\"><strong>Fabrication <\/strong>l'excellence<\/h2>\n<p class=\"pb-2 min-w-&#091;1px&#093;\" data-wt-guid=\"6e8f20be-a98a-49d9-bca9-207b66d18eb4\">En tant que <strong>Fabricant de tables \u00e0 manger en c\u00e9ramique<\/strong>, Nous sommes sp\u00e9cialis\u00e9s dans les solutions d'ameublement haut de gamme qui concilient l'esth\u00e9tique et la fonctionnalit\u00e9 quotidienne. Notre ligne de production int\u00e8gre la technologie avanc\u00e9e de la pierre fritt\u00e9e et l'artisanat traditionnel de l'ameublement.<\/p>\n<p class=\"pb-2 min-w-&#091;1px&#093;\" data-wt-guid=\"dca79797-9a23-48c9-94bd-0813e9bba05a\">Que vous soyez \u00e0 la recherche d'un <strong>table \u00e0 manger extensible en c\u00e9ramique<\/strong> pour la vente au d\u00e9tail ou sur mesure <strong>table fixe en c\u00e9ramique avec pieds en bois<\/strong> pour un projet h\u00f4telier, Astonisa offre une qualit\u00e9 constante et des prix de gros comp\u00e9titifs.<\/p>\n\n\t\t<\/div>\n\t<\/div>\n<\/div><\/div><\/div><div class=\"wpb_column vc_column_container vc_col-sm-6\"><div class=\"vc_column-inner\"><div class=\"wpb_wrapper\">\n\t<div class=\"wpb_text_column wpb_content_element\" >\n\t\t<div class=\"wpb_wrapper\">\n\t\t\t<div class=\"astonisa-stats-container\" style=\"padding-left: 20px; border-left: 1px solid #eee; margin-top: 20px; margin-bottom: 20px;\">\n<p><!-- \u7b2c\u4e00\u7ec4\u6570\u636e: \u5168\u7403\u5206\u9500\u5546\u6570\u91cf --><\/p>\n<div class=\"stat-item\" style=\"margin-bottom: 45px;\">\n<div style=\"font-size: clamp(40px, 5vw, 64px); line-height: 1; font-weight: 900; color: #000; letter-spacing: -2px; margin-bottom: 12px; font-family: 'Helvetica Neue', Arial, sans-serif; display: block;\">100+<\/div>\n<div style=\"font-size: 16px; font-weight: bold; color: #a67c52; text-transform: uppercase; letter-spacing: 0.15em; font-family: 'Helvetica Neue', Arial, sans-serif; display: block;\">Distributeurs mondiaux<\/div>\n<\/div>\n<p><!-- \u7b2c\u4e8c\u7ec4\u6570\u636e: \u5b9a\u5236\u5316\u80fd\u529b --><\/p>\n<div class=\"stat-item\">\n<div style=\"font-size: clamp(40px, 5vw, 64px); line-height: 1; font-weight: 900; color: #000; letter-spacing: -2px; margin-bottom: 12px; font-family: 'Helvetica Neue', Arial, sans-serif; display: block;\">OEM\/ODM<\/div>\n<div style=\"font-size: 16px; font-weight: bold; color: #a67c52; text-transform: uppercase; letter-spacing: 0.15em; font-family: 'Helvetica Neue', Arial, sans-serif; display: block;\">Mod\u00e8les personnalisables<\/div>\n<\/div>\n<\/div>\n\n\t\t<\/div>\n\t<\/div>\n<\/div><\/div><\/div><\/div>\n<\/div>","protected":false},"excerpt":{"rendered":"<p>Collections de tables de salle \u00e0 manger en c\u00e9ramique Une gamme compl\u00e8te de surfaces en c\u00e9ramique de haute performance combin\u00e9es \u00e0 des cadres techniques. Con\u00e7ue pour les importateurs mondiaux de meubles et les projets d'int\u00e9rieur. Collections de tables \u00e0 manger extensibles en c\u00e9ramique Collection de tables \u00e0 manger en c\u00e9ramique \u00e0 cadre m\u00e9tallique Collection de tables \u00e0 manger en c\u00e9ramique \u00e0 cadre en bois Excellence de la fabrication En tant que fabricant de tables \u00e0 manger en c\u00e9ramique, nous nous sp\u00e9cialisons dans les solutions d'ameublement haut de gamme...<\/p>","protected":false},"author":1,"featured_media":0,"parent":0,"menu_order":0,"comment_status":"closed","ping_status":"closed","template":"","meta":{"footnotes":""},"class_list":["post-6638","page","type-page","status-publish","hentry","description-off"],"yoast_head":"<!-- This site is optimized with the Yoast SEO plugin v27.5 - https:\/\/yoast.com\/product\/yoast-seo-wordpress\/ -->\n<title>Ceramic Dining Table Manufacturer: Extendable &amp; Wooden Base<\/title>\n<meta name=\"description\" content=\"As a major ceramic dining table manufacturer, Astonisa offers premium collections including extendable designs, solid wood frames, and modern metal bases.\" \/>\n<meta name=\"robots\" content=\"index, follow, max-snippet:-1, max-image-preview:large, max-video-preview:-1\" \/>\n<link rel=\"canonical\" href=\"https:\/\/astonisa.com\/fr\/tables-a-manger-en-ceramique-2\/\" \/>\n<meta property=\"og:locale\" content=\"fr_FR\" \/>\n<meta property=\"og:type\" content=\"article\" \/>\n<meta property=\"og:title\" content=\"Ceramic Dining Table Manufacturer: Extendable &amp; Wooden Base\" \/>\n<meta property=\"og:description\" content=\"As a major ceramic dining table manufacturer, Astonisa offers premium collections including extendable designs, solid wood frames, and modern metal bases.\" \/>\n<meta property=\"og:url\" content=\"https:\/\/astonisa.com\/fr\/tables-a-manger-en-ceramique-2\/\" \/>\n<meta property=\"og:site_name\" content=\"Extendable ceramic &amp; glass dining table, dining chair China manufacturer\" \/>\n<meta property=\"article:publisher\" content=\"https:\/\/www.facebook.com\/Astonisafurniture\" \/>\n<meta property=\"article:modified_time\" content=\"2026-01-22T14:23:28+00:00\" \/>\n<meta name=\"twitter:card\" content=\"summary_large_image\" \/>\n<meta name=\"twitter:label1\" content=\"Dur\u00e9e de lecture estim\u00e9e\" \/>\n\t<meta name=\"twitter:data1\" content=\"2 minutes\" \/>\n<script type=\"application\/ld+json\" class=\"yoast-schema-graph\">{\"@context\":\"https:\\\/\\\/schema.org\",\"@graph\":[{\"@type\":\"WebPage\",\"@id\":\"https:\\\/\\\/astonisa.com\\\/ceramic-dining-tables-2\\\/\",\"url\":\"https:\\\/\\\/astonisa.com\\\/ceramic-dining-tables-2\\\/\",\"name\":\"Ceramic Dining Table Manufacturer: Extendable & Wooden Base\",\"isPartOf\":{\"@id\":\"https:\\\/\\\/astonisa.com\\\/pl\\\/#website\"},\"datePublished\":\"2026-01-22T13:20:27+00:00\",\"dateModified\":\"2026-01-22T14:23:28+00:00\",\"description\":\"As a major ceramic dining table manufacturer, Astonisa offers premium collections including extendable designs, solid wood frames, and modern metal bases.\",\"breadcrumb\":{\"@id\":\"https:\\\/\\\/astonisa.com\\\/ceramic-dining-tables-2\\\/#breadcrumb\"},\"inLanguage\":\"fr-FR\",\"potentialAction\":[{\"@type\":\"ReadAction\",\"target\":[\"https:\\\/\\\/astonisa.com\\\/ceramic-dining-tables-2\\\/\"]}]},{\"@type\":\"BreadcrumbList\",\"@id\":\"https:\\\/\\\/astonisa.com\\\/ceramic-dining-tables-2\\\/#breadcrumb\",\"itemListElement\":[{\"@type\":\"ListItem\",\"position\":1,\"name\":\"Home\",\"item\":\"https:\\\/\\\/astonisa.com\\\/\"},{\"@type\":\"ListItem\",\"position\":2,\"name\":\"Ceramic Dining Tables\"}]},{\"@type\":\"WebSite\",\"@id\":\"https:\\\/\\\/astonisa.com\\\/pl\\\/#website\",\"url\":\"https:\\\/\\\/astonisa.com\\\/pl\\\/\",\"name\":\"Extendable ceramic &amp; glass dining table, dining chair China manufacturer\",\"description\":\"extendable dining table, dining chair\",\"potentialAction\":[{\"@type\":\"SearchAction\",\"target\":{\"@type\":\"EntryPoint\",\"urlTemplate\":\"https:\\\/\\\/astonisa.com\\\/pl\\\/?s={search_term_string}\"},\"query-input\":{\"@type\":\"PropertyValueSpecification\",\"valueRequired\":true,\"valueName\":\"search_term_string\"}}],\"inLanguage\":\"fr-FR\"}]}<\/script>\n<!-- \/ Yoast SEO plugin. -->","yoast_head_json":{"title":"Table de salle \u00e0 manger en c\u00e9ramique : Table \u00e0 rallonge et base en bois","description":"En tant que fabricant majeur de tables de salle \u00e0 manger en c\u00e9ramique, Astonisa propose des collections haut de gamme comprenant des mod\u00e8les extensibles, des cadres en bois massif et des bases m\u00e9talliques modernes.","robots":{"index":"index","follow":"follow","max-snippet":"max-snippet:-1","max-image-preview":"max-image-preview:large","max-video-preview":"max-video-preview:-1"},"canonical":"https:\/\/astonisa.com\/fr\/tables-a-manger-en-ceramique-2\/","og_locale":"fr_FR","og_type":"article","og_title":"Ceramic Dining Table Manufacturer: Extendable & Wooden Base","og_description":"As a major ceramic dining table manufacturer, Astonisa offers premium collections including extendable designs, solid wood frames, and modern metal bases.","og_url":"https:\/\/astonisa.com\/fr\/tables-a-manger-en-ceramique-2\/","og_site_name":"Extendable ceramic &amp; glass dining table, dining chair China manufacturer","article_publisher":"https:\/\/www.facebook.com\/Astonisafurniture","article_modified_time":"2026-01-22T14:23:28+00:00","twitter_card":"summary_large_image","twitter_misc":{"Dur\u00e9e de lecture estim\u00e9e":"2 minutes"},"schema":{"@context":"https:\/\/schema.org","@graph":[{"@type":"WebPage","@id":"https:\/\/astonisa.com\/ceramic-dining-tables-2\/","url":"https:\/\/astonisa.com\/ceramic-dining-tables-2\/","name":"Table de salle \u00e0 manger en c\u00e9ramique : Table \u00e0 rallonge et base en bois","isPartOf":{"@id":"https:\/\/astonisa.com\/pl\/#website"},"datePublished":"2026-01-22T13:20:27+00:00","dateModified":"2026-01-22T14:23:28+00:00","description":"En tant que fabricant majeur de tables de salle \u00e0 manger en c\u00e9ramique, Astonisa propose des collections haut de gamme comprenant des mod\u00e8les extensibles, des cadres en bois massif et des bases m\u00e9talliques modernes.","breadcrumb":{"@id":"https:\/\/astonisa.com\/ceramic-dining-tables-2\/#breadcrumb"},"inLanguage":"fr-FR","potentialAction":[{"@type":"ReadAction","target":["https:\/\/astonisa.com\/ceramic-dining-tables-2\/"]}]},{"@type":"BreadcrumbList","@id":"https:\/\/astonisa.com\/ceramic-dining-tables-2\/#breadcrumb","itemListElement":[{"@type":"ListItem","position":1,"name":"Home","item":"https:\/\/astonisa.com\/"},{"@type":"ListItem","position":2,"name":"Ceramic Dining Tables"}]},{"@type":"WebSite","@id":"https:\/\/astonisa.com\/pl\/#website","url":"https:\/\/astonisa.com\/pl\/","name":"Table de salle \u00e0 manger extensible en c\u00e9ramique et verre, chaise de salle \u00e0 manger, fabricant chinois","description":"table \u00e0 manger extensible, chaise \u00e0 manger","potentialAction":[{"@type":"SearchAction","target":{"@type":"EntryPoint","urlTemplate":"https:\/\/astonisa.com\/pl\/?s={search_term_string}"},"query-input":{"@type":"PropertyValueSpecification","valueRequired":true,"valueName":"search_term_string"}}],"inLanguage":"fr-FR"}]}},"_links":{"self":[{"href":"https:\/\/astonisa.com\/fr\/wp-json\/wp\/v2\/pages\/6638","targetHints":{"allow":["GET"]}}],"collection":[{"href":"https:\/\/astonisa.com\/fr\/wp-json\/wp\/v2\/pages"}],"about":[{"href":"https:\/\/astonisa.com\/fr\/wp-json\/wp\/v2\/types\/page"}],"author":[{"embeddable":true,"href":"https:\/\/astonisa.com\/fr\/wp-json\/wp\/v2\/users\/1"}],"replies":[{"embeddable":true,"href":"https:\/\/astonisa.com\/fr\/wp-json\/wp\/v2\/comments?post=6638"}],"version-history":[{"count":19,"href":"https:\/\/astonisa.com\/fr\/wp-json\/wp\/v2\/pages\/6638\/revisions"}],"predecessor-version":[{"id":6665,"href":"https:\/\/astonisa.com\/fr\/wp-json\/wp\/v2\/pages\/6638\/revisions\/6665"}],"wp:attachment":[{"href":"https:\/\/astonisa.com\/fr\/wp-json\/wp\/v2\/media?parent=6638"}],"curies":[{"name":"wp","href":"https:\/\/api.w.org\/{rel}","templated":true}]}}